{"id":2,"date":"2019-05-23T12:51:47","date_gmt":"2019-05-23T09:51:47","guid":{"rendered":"http:\/\/localhost\/emrebahadir\/?page_id=2"},"modified":"2023-03-01T12:12:01","modified_gmt":"2023-03-01T09:12:01","slug":"hakkimda","status":"publish","type":"page","link":"https:\/\/emrebahadir.com\/en\/hakkimda\/","title":{"rendered":"About Me"},"content":{"rendered":"<p>Dentist &amp; \u0130mplantologist<br \/>\n<strong>EMRE BAHADIR,DDS,MSc<\/strong><\/p>\n<p>After graduation, he worked at Provincial Private Directorate of Okmeydan\u0131 Oral and Dental Health Center. He received a certificate of appreciation from the Ministry of Health for his public duties and activities. In 2010, he left the public office and went abroad in order to continue his education.<\/p>\n<p>After completing his language training in the UK and Canada, he returned to Turkey and started to work in a private dental hospital.<\/p>\n<p>In 2018, he completed his specialty in the Department of Maxillofacial Surgery and Oral Implantology at the University of Marconi in Rome, Italy.<\/p>\n<p>He participated in advanced level development programs in the fields of \u201cAesthetic Prosthodontics Implementations in Dentistry \u2019 and \u2018 Maxillofacial Surgery and Implantology\u201d organized in Turkey and abroad.<\/p>\n<p>Along with his dental career, he completed advanced level Medical Botox and Dermal Filling trainings at \u201cThe Academy of Dental and Medical Aesthetic\u201d and The Academy Fluent Health\u201d.<\/p>\n<p>He received the diploma of Medical Aesthetic Mesotherapy approved by the Ministry of Health.<\/p>\n<p>Dentist Emre Bahad\u0131r,<\/p>\n<p>He has graduated from Istanbul Pera Fine Arts High School cross flute department and after graduation, he completed his diploma program with high degree in cross flute department of London Collage of Music in England.<\/p>\n<p>He is also interested in Tae-kwon-do which is one of the sports of Far East and he has been awarded with second prize.<\/p>\n<p>He continues to serve his patients in his private practice in Bak\u0131rk\u00f6y-Atak\u00f6y district of Istanbul.<\/p>\n<p>He is single and a bird father :)<\/p>","protected":false},"excerpt":{"rendered":"<p>Dentist &amp; \u0130mplantologist EMRE BAHADIR,DDS,MSc After graduation, he worked at Provincial Private Directorate of Okmeydan\u0131 Oral and Dental Health Center. He received a certificate of appreciation from the Ministry of Health for his public duties and activities. In 2010, he left the public office and went abroad in order to continue his education. After completing [&hellip;]<\/p>\n","protected":false},"author":1,"featured_media":280,"parent":0,"menu_order":0,"comment_status":"closed","ping_status":"open","template":"","meta":{"footnotes":""},"class_list":["post-2","page","type-page","status-publish","has-post-thumbnail","hentry"],"_links":{"self":[{"href":"https:\/\/emrebahadir.com\/en\/wp-json\/wp\/v2\/pages\/2","targetHints":{"allow":["GET"]}}],"collection":[{"href":"https:\/\/emrebahadir.com\/en\/wp-json\/wp\/v2\/pages"}],"about":[{"href":"https:\/\/emrebahadir.com\/en\/wp-json\/wp\/v2\/types\/page"}],"author":[{"embeddable":true,"href":"https:\/\/emrebahadir.com\/en\/wp-json\/wp\/v2\/users\/1"}],"replies":[{"embeddable":true,"href":"https:\/\/emrebahadir.com\/en\/wp-json\/wp\/v2\/comments?post=2"}],"version-history":[{"count":14,"href":"https:\/\/emrebahadir.com\/en\/wp-json\/wp\/v2\/pages\/2\/revisions"}],"predecessor-version":[{"id":283,"href":"https:\/\/emrebahadir.com\/en\/wp-json\/wp\/v2\/pages\/2\/revisions\/283"}],"wp:featuredmedia":[{"embeddable":true,"href":"https:\/\/emrebahadir.com\/en\/wp-json\/wp\/v2\/media\/280"}],"wp:attachment":[{"href":"https:\/\/emrebahadir.com\/en\/wp-json\/wp\/v2\/media?parent=2"}],"curies":[{"name":"wp","href":"https:\/\/api.w.org\/{rel}","templated":true}]}}