{"id":45,"date":"2019-05-23T16:05:03","date_gmt":"2019-05-23T13:05:03","guid":{"rendered":"http:\/\/localhost\/emrebahadir\/?page_id=45"},"modified":"2019-05-23T16:07:06","modified_gmt":"2019-05-23T13:07:06","slug":"tedaviler","status":"publish","type":"page","link":"https:\/\/emrebahadir.com\/en\/tedaviler\/","title":{"rendered":"Tedaviler"},"content":{"rendered":"<h2>Tedavilerimiz<\/h2>\n<p>Hastalar\u0131m\u0131z\u0131n t\u00fcm ihtiya\u00e7lar\u0131n\u0131 kar\u015f\u0131lamak i\u00e7in elimizde<br \/>\nmultidisipliner ve b\u00fct\u00fcnsel bir yakla\u015f\u0131mla her bir vakay\u0131 tasarlamak i\u00e7in bir araya gelerek uluslararas\u0131 uzmanlardan olu\u015fan bir ekip olu\u015fturduk.<\/p>\n","protected":false},"excerpt":{"rendered":"<p>Tedavilerimiz Hastalar\u0131m\u0131z\u0131n t\u00fcm ihtiya\u00e7lar\u0131n\u0131 kar\u015f\u0131lamak i\u00e7in elimizde multidisipliner ve b\u00fct\u00fcnsel bir yakla\u015f\u0131mla her bir vakay\u0131 tasarlamak i\u00e7in bir araya gelerek uluslararas\u0131 uzmanlardan olu\u015fan bir ekip olu\u015fturduk.<\/p>\n","protected":false},"author":1,"featured_media":0,"parent":0,"menu_order":0,"comment_status":"closed","ping_status":"closed","template":"page-tedaviler.php","meta":{"footnotes":""},"class_list":["post-45","page","type-page","status-publish","hentry"],"_links":{"self":[{"href":"https:\/\/emrebahadir.com\/en\/wp-json\/wp\/v2\/pages\/45","targetHints":{"allow":["GET"]}}],"collection":[{"href":"https:\/\/emrebahadir.com\/en\/wp-json\/wp\/v2\/pages"}],"about":[{"href":"https:\/\/emrebahadir.com\/en\/wp-json\/wp\/v2\/types\/page"}],"author":[{"embeddable":true,"href":"https:\/\/emrebahadir.com\/en\/wp-json\/wp\/v2\/users\/1"}],"replies":[{"embeddable":true,"href":"https:\/\/emrebahadir.com\/en\/wp-json\/wp\/v2\/comments?post=45"}],"version-history":[{"count":2,"href":"https:\/\/emrebahadir.com\/en\/wp-json\/wp\/v2\/pages\/45\/revisions"}],"predecessor-version":[{"id":47,"href":"https:\/\/emrebahadir.com\/en\/wp-json\/wp\/v2\/pages\/45\/revisions\/47"}],"wp:attachment":[{"href":"https:\/\/emrebahadir.com\/en\/wp-json\/wp\/v2\/media?parent=45"}],"curies":[{"name":"wp","href":"https:\/\/api.w.org\/{rel}","templated":true}]}}